{"id":1165,"date":"2021-08-01T12:27:06","date_gmt":"2021-08-01T09:27:06","guid":{"rendered":"https:\/\/pokutia-travel.westeurope.cloudapp.azure.com\/?page_id=1165"},"modified":"2026-03-22T15:54:14","modified_gmt":"2026-03-22T13:54:14","slug":"whattosee","status":"publish","type":"page","link":"https:\/\/pokuttia.com\/pl\/whattosee\/","title":{"rendered":"Dziedzictwo Pokucia"},"content":{"rendered":"<div class=\"brz brz-root__container brz-reset-all brz-root__container-page\">\n<section id=\"hY1WKmUo3Twe_hY1WKmUo3Twe\" class=\"brz-section brz-css-1gquq5v brz-css-18acien\">\n<div class=\"brz-section__content brz-section--boxed brz-css-1s2zi0g brz-css-10raaoy\" data-brz-custom-id=\"x3JPMyUImWYl\">\n<div class=\"brz-bg\">\n<div class=\"brz-bg-image brz-bg-image-parallax\"><\/div>\n<div class=\"brz-bg-color\"><\/div>\n<\/div>\n<div class=\"brz-container brz-css-1qi95h0 brz-css-1j0eg3d\">\n<div class=\"brz-row__container brz-css-tkxnrd brz-css-1pjdlr\" data-brz-custom-id=\"vcf2bcm4v4ck\">\n<div class=\"brz-row brz-css-1ul8ba2 brz-css-vh0p2x brz-css-1bxd9zn\">\n<div class=\"brz-columns brz-css-sljaiw brz-css-1bc6ghj\" data-brz-custom-id=\"vB4QbX4w9cIV\">\n<div class=\"brz-column__items brz-css-nn50eb brz-css-39wyre\">\n<div id=\"\" class=\"brz-css-8uj8cw brz-css-ewycd6 brz-wrapper\">\n<div class=\"brz-rich-text brz-rich-text__custom brz-css-1h394sn brz-css-17il1f1\" data-brz-custom-id=\"zFUVct4htII8\">\n<div data-brz-translate-text=\"1\">\n<h1 class=\"brz-tp-lg-heading1 brz-text-xs-center brz-lh-lg-1_3 brz-ls-lg-0 brz-fw-lg-900 brz-fss-lg-px brz-fs-lg-40 brz-ft-google brz-ff-lato brz-text-lg-center brz-css-yeeT5\" data-generated-css=\"brz-css-brMDK\" data-uniq-id=\"lsxgn\"><strong class=\"brz-cp-color8\">Pokucie<\/strong><\/h1>\n<\/div>\n<\/div>\n<\/div>\n<\/div>\n<\/div>\n<\/div>\n<\/div>\n<div id=\"\" class=\"brz-css-8uj8cw brz-css-1pv727v brz-wrapper\">\n<div class=\"brz-rich-text brz-rich-text__custom brz-css-1h394sn brz-css-1gaa6a4\" data-brz-custom-id=\"fn0TacO93Bv3\">\n<div data-brz-translate-text=\"1\">\n<p class=\"brz-tp-lg-paragraph brz-css-yMTuZ\" data-generated-css=\"brz-css-xGA1E\" data-uniq-id=\"t8T2a\"><strong class=\"brz-cp-color8\">Pokucie<\/strong><span class=\"brz-cp-color8\"> \u2014 kraina mi\u0119dzy Prutem a Dniestrem, gdzie przesz\u0142o\u015b\u0107 o\u017cywa w \u015bwi\u0105tyniach, zamkach i staro\u017cytnych ulicach. Tutaj ka\u017cde miasto zachowuje sw\u00f3j niepowtarzalny charakter: barokowa Horodenka, kulturalna Ko\u0142omyja, staro\u017cytny Sniaty\u0144 i malownicze wsie nad Dniestrem. Podr\u00f3\u017cuj\u0105c przez Pokucie, odkryjesz serce staro\u017cytnej Galicji.<\/span><\/p>\n<\/div>\n<\/div>\n<\/div>\n<div id=\"\" class=\"brz-css-8uj8cw brz-css-1s19ibe brz-css-n77uzf brz-wrapper\">\n<div class=\"brz-spacer brz-css-11ji24a brz-css-1ugwzho\"><\/div>\n<\/div>\n<\/div>\n<\/div>\n<\/section>\n<section id=\"fAueWitwqn5w_fAueWitwqn5w\" class=\"brz-section brz-css-1ns7zcf brz-css-gjca2p\">\n<div class=\"brz-section__content brz-section--boxed brz-css-15uwiz8 brz-css-1bvrylf\" data-brz-custom-id=\"we7An7f1abBt\">\n<div class=\"brz-container brz-css-1bf7cp7 brz-css-18st6xm\">\n<div id=\"\" class=\"brz-css-fbnshd brz-css-vh2svt brz-wrapper\">\n<div class=\"brz-wp-shortcode brz-css-m17t6y brz-css-yaqwsa\" data-brz-custom-id=\"nfwOOp4_fnwc\">\n<div><div class=\"brz-section__content brz-section--boxed\"><div class=\"brz-container\"><div class=\"wts-list\"><section id=\"wts_6956_51aa86c8-8730-406a-95c4-a68c82c7b0bc\" class=\"wts-card\"><div class=\"wts-media\"><div class=\"wts-bg\" data-wts-bg=\"https:\/\/pokuttia.com\/wp-content\/uploads\/2025\/10\/IMG_7430.jpeg\"><\/div><div class=\"wts-overlay\"><\/div><div class=\"wts-body\"><h3 class=\"wts-title\"><a href=\"https:\/\/pokuttia.com\/pl\/whattosee\/rakowets\/\">Zamek Rakowiec \u2014 XVII wiek \u2014 wie\u015b Rakowiec<\/a><\/h3><p class=\"wts-meta\">Zamek Rakowec to XVII-wieczny zabytek obronny na Pokuciu. Ruiny staro\u017cytnej twierdzy nad Dniestrem zachwycaj\u0105 malowniczymi widokami i histori\u0105 staro\u017cytnego pogranicza.<\/p><div class=\"wts-actions\"><a class=\"wts-btn\" href=\"https:\/\/pokuttia.com\/pl\/whattosee\/rakowets\/\" rel=\"noopener\" target=\"_self\"><svg viewbox=\"0 0 24 24\" aria-hidden=\"true\"><path d=\"M13 5l7 7-7 7M5 12h14\" fill=\"none\" stroke=\"currentColor\" stroke-width=\"2\"\/><\/svg>WI\u0118CEJ<\/a><\/div><\/div><\/div><\/section><section id=\"wts_5178_904256e2-cdf2-4d85-8272-650d1bd18156\" class=\"wts-card\"><div class=\"wts-media\"><div class=\"wts-bg\" data-wts-bg=\"https:\/\/pokuttia.com\/wp-content\/uploads\/2021\/10\/0T5A2166_HDR-min.jpg\"><\/div><div class=\"wts-overlay\"><\/div><div class=\"wts-body\"><h3 class=\"wts-title\"><a href=\"https:\/\/pokuttia.com\/pl\/whattosee\/synagogue\/\">Wielka Synagoga \u2014 XVIII w. \u2014 Horodenka<\/a><\/h3><p class=\"wts-meta\">Pomnik architektury \u017cydowskiej z XVIII wieku, przypominaj\u0105cy o dawnej, du\u017cej spo\u0142eczno\u015bci.<\/p><div class=\"wts-actions\"><a class=\"wts-btn\" href=\"https:\/\/pokuttia.com\/pl\/whattosee\/synagogue\/\" rel=\"noopener\" target=\"_self\"><svg viewbox=\"0 0 24 24\" aria-hidden=\"true\"><path d=\"M13 5l7 7-7 7M5 12h14\" fill=\"none\" stroke=\"currentColor\" stroke-width=\"2\"\/><\/svg>WI\u0118CEJ<\/a><\/div><\/div><\/div><\/section><section id=\"wts_1100_0eddd1aa-f334-4755-a165-7747640fec2e\" class=\"wts-card\"><div class=\"wts-media\"><div class=\"wts-bg\" data-wts-bg=\"https:\/\/pokuttia.com\/wp-content\/uploads\/2021\/07\/DJI_0001-scaled.jpg\"><\/div><div class=\"wts-overlay\"><\/div><div class=\"wts-body\"><h3 class=\"wts-title\"><a href=\"https:\/\/pokuttia.com\/pl\/whattosee\/kostel\/\">\u041a\u043e\u0441\u0442\u0435\u043b \u041d\u0435\u043f\u043e\u0440\u043e\u0447\u043d\u043e\u0433\u043e \u0417\u0430\u0447\u0430\u0442\u0442\u044f \u0414\u0456\u0432\u0438 \u041c\u0430\u0440\u0456\u0457 \u2014 1743 \u2014 \u043c. \u0413\u043e\u0440\u043e\u0434\u0435\u043d\u043a\u0430<\/a><\/h3><p class=\"wts-meta\">Ko\u015bci\u00f3\u0142 Niepokalanego Pocz\u0119cia Naj\u015bwi\u0119tszej Marii Panny w Horodencu to wz\u00f3r architektury rokokowej, wzniesiony w 1743 roku wed\u0142ug projektu Bernarda Meretina. Ko\u015bci\u00f3\u0142 s\u0142ynie z rze\u017ab Johanna Pinzela.<\/p><div class=\"wts-actions\"><a class=\"wts-btn\" href=\"https:\/\/pokuttia.com\/pl\/whattosee\/kostel\/\" rel=\"noopener\" target=\"_self\"><svg viewbox=\"0 0 24 24\" aria-hidden=\"true\"><path d=\"M13 5l7 7-7 7M5 12h14\" fill=\"none\" stroke=\"currentColor\" stroke-width=\"2\"\/><\/svg>WI\u0118CEJ<\/a><\/div><\/div><\/div><\/section><section id=\"wts_6042_3bf7313c-ba8e-4cb7-a4fd-79d28a7e4c46\" class=\"wts-card\"><div class=\"wts-media\"><div class=\"wts-bg\" data-wts-bg=\"https:\/\/pokuttia.com\/wp-content\/uploads\/2024\/06\/DJI_0928_m.jpg\"><\/div><div class=\"wts-overlay\"><\/div><div class=\"wts-body\"><h3 class=\"wts-title\"><a href=\"https:\/\/pokuttia.com\/pl\/whattosee\/kostel-bernardiniv-u-gvizdci\/\">Ko\u015bci\u00f3\u0142 Bernardyn\u00f3w \u2014 1721 \u2014 wie\u015b Hvizdets<\/a><\/h3><p class=\"wts-meta\">Ko\u015bci\u00f3\u0142 Bernardyn\u00f3w w Hvizdce to zabytek architektury barokowej XVIII wieku. Jest to jeden z najstarszych kompleks\u00f3w klasztornych na Pokuciu, kt\u00f3ry zachowa\u0142 majestat i duchowo\u015b\u0107 minionych wiek\u00f3w.<\/p><div class=\"wts-actions\"><a class=\"wts-btn\" href=\"https:\/\/pokuttia.com\/pl\/whattosee\/kostel-bernardiniv-u-gvizdci\/\" rel=\"noopener\" target=\"_self\"><svg viewbox=\"0 0 24 24\" aria-hidden=\"true\"><path d=\"M13 5l7 7-7 7M5 12h14\" fill=\"none\" stroke=\"currentColor\" stroke-width=\"2\"\/><\/svg>WI\u0118CEJ<\/a><\/div><\/div><\/div><\/section><section id=\"wts_6053_b9077d38-00c8-4349-bafc-480038914fdb\" class=\"wts-card\"><div class=\"wts-media\"><div class=\"wts-bg\" data-wts-bg=\"https:\/\/pokuttia.com\/wp-content\/uploads\/2024\/08\/IMG_2970_IMG_2974.png\"><\/div><div class=\"wts-overlay\"><\/div><div class=\"wts-body\"><h3 class=\"wts-title\"><a href=\"https:\/\/pokuttia.com\/pl\/whattosee\/chernelickiy-zamok\/\">Zamek Czernelicy \u2014 1610 r. \u2014 wie\u015b Czernelicy<\/a><\/h3><p class=\"wts-meta\">Zbudowany w XVII wieku jako twierdza obronna dla rodu Czartoryskich, zachowa\u0142 pozosta\u0142o\u015bci mur\u00f3w i wie\u017c, kt\u00f3re do dzi\u015b przypominaj\u0105 o jego dawnej \u015bwietno\u015bci. Zamek wznosi si\u0119 nad Dniestrem i jest jednym z najciekawszych zabytk\u00f3w Pokucia.<\/p><div class=\"wts-actions\"><a class=\"wts-btn\" href=\"https:\/\/pokuttia.com\/pl\/whattosee\/chernelickiy-zamok\/\" rel=\"noopener\" target=\"_self\"><svg viewbox=\"0 0 24 24\" aria-hidden=\"true\"><path d=\"M13 5l7 7-7 7M5 12h14\" fill=\"none\" stroke=\"currentColor\" stroke-width=\"2\"\/><\/svg>WI\u0118CEJ<\/a><\/div><\/div><\/div><\/section><section id=\"wts_5559_4b00aeaf-04d5-4ec9-8311-29276b2080b6\" class=\"wts-card\"><div class=\"wts-media\"><div class=\"wts-bg\" data-wts-bg=\"https:\/\/pokuttia.com\/wp-content\/uploads\/2025\/11\/\u0434\u043d\u0456\u0441\u0442\u0440\u043e\u0432\u0441\u044c\u043a\u0438\u0439\u043a\u0430\u043d\u044c\u0439\u043e\u043d\u044f\u043a\u0434\u043e\u0457\u0445\u0430\u0442\u0438-3759057623.jpeg\"><\/div><div class=\"wts-overlay\"><\/div><div class=\"wts-body\"><h3 class=\"wts-title\"><a href=\"https:\/\/pokuttia.com\/pl\/whattosee\/dnister-canyon\/\">\u0414\u043d\u0456\u0441\u0442\u0440\u043e\u0432\u0441\u044c\u043a\u0438\u0439 \u043a\u0430\u043d\u044c\u0439\u043e\u043d \u2014 \u043f\u0440\u0438\u0440\u043e\u0434\u043d\u0438\u0439 \u043b\u0430\u043d\u0434\u0448\u0430\u0444\u0442 \u2014 \u041f\u043e\u043a\u0443\u0442\u0442\u044f<\/a><\/h3><p class=\"wts-meta\">Kanion Dniestru to jedno z najbardziej malowniczych miejsc na Pokuciu i Ukrainie. G\u0142\u0119bokie doliny, klify, zamki i wioski nad Dniestrem tworz\u0105 unikalny krajobraz naturalny i kulturowy.<\/p><div class=\"wts-actions\"><a class=\"wts-btn\" href=\"https:\/\/pokuttia.com\/pl\/whattosee\/dnister-canyon\/\" rel=\"noopener\" target=\"_self\"><svg viewbox=\"0 0 24 24\" aria-hidden=\"true\"><path d=\"M13 5l7 7-7 7M5 12h14\" fill=\"none\" stroke=\"currentColor\" stroke-width=\"2\"\/><\/svg>WI\u0118CEJ<\/a><\/div><\/div><\/div><\/section><section id=\"wts_7107_f8191fe4-4036-4146-b995-274a64a2907d\" class=\"wts-card\"><div class=\"wts-media\"><div class=\"wts-bg\" data-wts-bg=\"https:\/\/pokuttia.com\/wp-content\/uploads\/2025\/11\/P9242954_m.jpeg\"><\/div><div class=\"wts-overlay\"><\/div><div class=\"wts-body\"><h3 class=\"wts-title\"><a href=\"https:\/\/pokuttia.com\/pl\/whattosee\/pniv-castle\/\">Zamek Pniv \u2014 XV\u2013XVI w. \u2014 wie\u015b Pniv<\/a><\/h3><p class=\"wts-meta\">Zamek Pniv to \u015bredniowieczna twierdza z XV\u2013XVI wieku we wsi Pniv niedaleko Nadwornej. Jest to jeden z najlepiej zachowanych zamk\u00f3w obronnych w Karpatach.<\/p><div class=\"wts-actions\"><a class=\"wts-btn\" href=\"https:\/\/pokuttia.com\/pl\/whattosee\/pniv-castle\/\" rel=\"noopener\" target=\"_self\"><svg viewbox=\"0 0 24 24\" aria-hidden=\"true\"><path d=\"M13 5l7 7-7 7M5 12h14\" fill=\"none\" stroke=\"currentColor\" stroke-width=\"2\"\/><\/svg>WI\u0118CEJ<\/a><\/div><\/div><\/div><\/section><section id=\"wts_1486_0a07337f-5d2b-431d-950c-0304300a47b8\" class=\"wts-card\"><div class=\"wts-media\"><div class=\"wts-bg\" data-wts-bg=\"https:\/\/pokuttia.com\/wp-content\/uploads\/2021\/09\/0T5A3643_HDR-min-scaled.jpg\"><\/div><div class=\"wts-overlay\"><\/div><div class=\"wts-body\"><h3 class=\"wts-title\"><a href=\"https:\/\/pokuttia.com\/pl\/whattosee\/virmensky-kostel\/\">\u041a\u043e\u0441\u0442\u0435\u043b \u0412\u0456\u0440\u043c\u0435\u043d\u0441\u044c\u043a\u0438\u0439 \u2014 1706 \u2014 \u043c. \u0413\u043e\u0440\u043e\u0434\u0435\u043d\u043a\u0430<\/a><\/h3><p class=\"wts-meta\">Cerkiew ormia\u0144ska (wybudowana w latach 1686\u20131706) jest najstarsz\u0105 zachowan\u0105 budowl\u0105 w mie\u015bcie Horodenka w obwodzie iwanofrankowskim, kt\u00f3ra przetrwa\u0142a do dzi\u015b i stanowi zabytek architektury ormia\u0144skiej.<\/p><div class=\"wts-actions\"><a class=\"wts-btn\" href=\"https:\/\/pokuttia.com\/pl\/whattosee\/virmensky-kostel\/\" rel=\"noopener\" target=\"_self\"><svg viewbox=\"0 0 24 24\" aria-hidden=\"true\"><path d=\"M13 5l7 7-7 7M5 12h14\" fill=\"none\" stroke=\"currentColor\" stroke-width=\"2\"\/><\/svg>WI\u0118CEJ<\/a><\/div><\/div><\/div><\/section><section id=\"wts_2518_cd7df4cf-517d-4d3e-bac7-c18292e84b71\" class=\"wts-card\"><div class=\"wts-media\"><div class=\"wts-bg\" data-wts-bg=\"https:\/\/pokuttia.com\/wp-content\/uploads\/2021\/10\/DJI_0018-scaled.jpg\"><\/div><div class=\"wts-overlay\"><\/div><div class=\"wts-body\"><h3 class=\"wts-title\"><a href=\"https:\/\/pokuttia.com\/pl\/whattosee\/kostel-myhalche\/\">\u041a\u043e\u0441\u0442\u0435\u043b \u0441\u0432. \u0410\u0440\u0445\u0430\u043d\u0433\u0435\u043b\u0430 \u041c\u0438\u0445\u0430\u0457\u043b\u0430 \u2014 1721 \u2014 \u0441. \u041c\u0438\u0445\u0430\u043b\u044c\u0447\u0435<\/a><\/h3><p class=\"wts-meta\">Ko\u015bci\u00f3\u0142 w Mycha\u0142czach to jeden z najciekawszych zabytk\u00f3w barokowych Pokucia z XVIII wieku. Ta zabytkowa \u015bwi\u0105tynia \u0142\u0105czy w sobie architektur\u0119 europejsk\u0105 i lokalne tradycje, zachowuj\u0105c ducha minionych epok.<\/p><div class=\"wts-actions\"><a class=\"wts-btn\" href=\"https:\/\/pokuttia.com\/pl\/whattosee\/kostel-myhalche\/\" rel=\"noopener\" target=\"_self\"><svg viewbox=\"0 0 24 24\" aria-hidden=\"true\"><path d=\"M13 5l7 7-7 7M5 12h14\" fill=\"none\" stroke=\"currentColor\" stroke-width=\"2\"\/><\/svg>WI\u0118CEJ<\/a><\/div><\/div><\/div><\/section><section id=\"wts_5101_a68493d3-f3bb-41e3-8e44-3742ff745b2a\" class=\"wts-card\"><div class=\"wts-media\"><div class=\"wts-bg\" data-wts-bg=\"https:\/\/pokuttia.com\/wp-content\/uploads\/2021\/09\/DSC_9986-min-scaled.jpg\"><\/div><div class=\"wts-overlay\"><\/div><div class=\"wts-body\"><h3 class=\"wts-title\"><a href=\"https:\/\/pokuttia.com\/pl\/whattosee\/central-church-horodenka\/\">\u0426\u0435\u0440\u043a\u0432\u0430 \u0423\u0441\u043f\u0456\u043d\u043d\u044f \u041f\u0440\u0435\u0441\u0432\u044f\u0442\u043e\u0457 \u0411\u043e\u0433\u043e\u0440\u043e\u0434\u0438\u0446\u0456 \u2014 1763 \u2014 \u043c. \u0413\u043e\u0440\u043e\u0434\u0435\u043d\u043a\u0430<\/a><\/h3><p class=\"wts-meta\">\u0426\u0435\u0440\u043a\u0432\u0430 \u0423\u0441\u043f\u0456\u043d\u043d\u044f \u041f\u0440\u0435\u0441\u0432\u044f\u0442\u043e\u0457 \u0414\u0456\u0432\u0438 \u041c\u0430\u0440\u0456\u0457 \u0432 \u0413\u043e\u0440\u043e\u0434\u0435\u043d\u0446\u0456 - \u0446\u0435 \u0437\u0440\u0430\u0437\u043e\u043a \u0431\u0430\u0440\u043e\u043a\u043e, \u043f\u043e\u0431\u0443\u0434\u043e\u0432\u0430\u043d\u0438\u0439 \u0443 1763 \u0440\u043e\u0446\u0456 \u043d\u0430 \u0437\u0430\u043c\u043e\u0432\u043b\u0435\u043d\u043d\u044f \u0433\u0440\u0430\u0444\u0430 \u041c\u0438\u043a\u043e\u043b\u0438 \u041f\u043e\u0442\u043e\u0446\u044c\u043a\u043e\u0433\u043e. \u0412\u043e\u043d\u0430 \u0454 \u043e\u0434\u043d\u0438\u043c \u0456\u0437 \u043d\u0430\u0439\u043a\u0440\u0430\u0441\u0438\u0432\u0456\u0448\u0438\u0445 \u0445\u0440\u0430\u043c\u0456\u0432 \u0423\u043a\u0440\u0430\u0457\u043d\u0438, \u0430 \u0442\u0430\u043a\u043e\u0436 \u0446\u0456\u043d\u043d\u043e\u044e \u043f\u0430\u043c&#039;\u044f\u0442\u043a\u043e\u044e \u0430\u0440\u0445\u0456\u0442\u0435\u043a\u0442\u0443\u0440\u0438 \u0442\u0430 \u043c\u0438\u0441\u0442\u0435\u0446\u0442\u0432\u0430. \u0426\u0435\u0440\u043a\u0432\u0430 \u0454 \u044f\u0441\u043a\u0440\u0430\u0432\u0438\u043c \u043f\u0440\u0438\u043a\u043b\u0430\u0434\u043e\u043c \u0442\u0432\u043e\u0440\u0447\u043e\u0441\u0442\u0456 \u0432\u0438\u0434\u0430\u0442\u043d\u0438\u0445&hellip;<\/p><div class=\"wts-actions\"><a class=\"wts-btn\" href=\"https:\/\/pokuttia.com\/pl\/whattosee\/central-church-horodenka\/\" rel=\"noopener\" target=\"_self\"><svg viewbox=\"0 0 24 24\" aria-hidden=\"true\"><path d=\"M13 5l7 7-7 7M5 12h14\" fill=\"none\" stroke=\"currentColor\" stroke-width=\"2\"\/><\/svg>WI\u0118CEJ<\/a><\/div><\/div><\/div><\/section><\/div><\/div><\/div>\n<\/div>\n<\/div>\n<\/div>\n<\/div>\n<\/div>\n<\/section><\/div>\n<p><!-- version:1762709684 --><\/p>","protected":false},"excerpt":{"rendered":"<p>\u041f\u043e\u043a\u0443\u0442\u0442\u044f \u041f\u043e\u043a\u0443\u0442\u0442\u044f \u2014 \u043a\u0440\u0430\u0439 \u043c\u0456\u0436 \u041f\u0440\u0443\u0442\u043e\u043c \u0456 \u0414\u043d\u0456\u0441\u0442\u0440\u043e\u043c, \u0434\u0435 \u043c\u0438\u043d\u0443\u043b\u0435 \u043e\u0436\u0438\u0432\u0430\u0454 \u0443 \u0445\u0440\u0430\u043c\u0430\u0445, \u0437\u0430\u043c\u043a\u0430\u0445 \u0456 \u0441\u0442\u0430\u0440\u043e\u0432\u0438\u043d\u043d\u0438\u0445 \u0432\u0443\u043b\u0438\u0447\u043a\u0430\u0445. \u0422\u0443\u0442 \u043a\u043e\u0436\u043d\u0435 \u043c\u0456\u0441\u0442\u043e \u0437\u0431\u0435\u0440\u0456\u0433\u0430\u0454 \u0441\u0432\u0456\u0439 \u0445\u0430\u0440\u0430\u043a\u0442\u0435\u0440: \u0431\u0430\u0440\u043e\u043a\u043e\u0432\u0430 \u0413\u043e\u0440\u043e\u0434\u0435\u043d\u043a\u0430, \u043a\u0443\u043b\u044c\u0442\u0443\u0440\u043d\u0430 \u041a\u043e\u043b\u043e\u043c\u0438\u044f, \u0434\u0430\u0432\u043d\u0456\u0439 \u0421\u043d\u044f\u0442\u0438\u043d \u0456 \u043c\u0430\u043b\u044c\u043e\u0432\u043d\u0438\u0447\u0456 \u0441\u0435\u043b\u0430 \u043d\u0430\u0434 \u0414\u043d\u0456\u0441\u0442\u0440\u043e\u043c. \u041f\u043e\u0434\u043e\u0440\u043e\u0436\u0443\u044e\u0447\u0438 \u041f\u043e\u043a\u0443\u0442\u0442\u044f\u043c, \u0432\u0438 \u0432\u0456\u0434\u043a\u0440\u0438\u0454\u0442\u0435 \u0441\u0435\u0440\u0446\u0435 \u0441\u0442\u0430\u0440\u043e\u0434\u0430\u0432\u043d\u044c\u043e\u0457 \u0413\u0430\u043b\u0438\u0447\u0438\u043d\u0438.<\/p>","protected":false},"author":1,"featured_media":0,"parent":0,"menu_order":0,"comment_status":"closed","ping_status":"closed","template":"","meta":{"_seopress_robots_primary_cat":"","_seopress_titles_title":"","_seopress_titles_desc":"","_seopress_robots_index":"","footnotes":""},"class_list":["post-1165","page","type-page","status-publish","hentry"],"blocksy_meta":{"styles_descriptor":{"styles":{"desktop":"","tablet":"","mobile":""},"google_fonts":[],"version":6}},"brizy_media":[{"id":42,"url":"https:\/\/pokuttia.com\/wp-content\/uploads\/2021\/07\/DJI_0001-scaled.jpg","name":"DJI_0001.jpg","meta":{"brizy_attachment_uid":"wp-1ba32c53eca693d1e727803985da9158.jpg","brizy_post_uid":["e07ddfc61ec49ccccf53b8f53049870f","8e450d6e66fcbc04449543062084da6a","a4ec61de30bd9fee82637a254d2ef2bf"]}},{"id":1041,"url":"https:\/\/pokuttia.com\/wp-content\/uploads\/2021\/07\/DJI_0032-scaled.jpg","name":"DJI_0032.jpg","meta":{"brizy_attachment_uid":"wp-0ccf4ab9818c84ce31831d269b30bc99.jpg","brizy_post_uid":["a4ec61de30bd9fee82637a254d2ef2bf","8e450d6e66fcbc04449543062084da6a"]}},{"id":1167,"url":"https:\/\/pokuttia.com\/wp-content\/uploads\/brizy\/1165\/assets\/images\/d03-Img-Lips-1.jpg","name":"d03-Img-Lips-1.jpg","meta":{"brizy_attachment_uid":"d03-Img-Lips-1.jpg","brizy_post_uid":["8e450d6e66fcbc04449543062084da6a"]}},{"id":1168,"url":"https:\/\/pokuttia.com\/wp-content\/uploads\/brizy\/1165\/assets\/images\/d03-Img-Guy-Beanie-1.jpg","name":"d03-Img-Guy-Beanie-1.jpg","meta":{"brizy_attachment_uid":"d03-Img-Guy-Beanie-1.jpg","brizy_post_uid":["8e450d6e66fcbc04449543062084da6a"]}},{"id":1169,"url":"https:\/\/pokuttia.com\/wp-content\/uploads\/brizy\/1165\/assets\/images\/d03-Img-Girl-Purple-1.jpg","name":"d03-Img-Girl-Purple-1.jpg","meta":{"brizy_attachment_uid":"d03-Img-Girl-Purple-1.jpg","brizy_post_uid":["8e450d6e66fcbc04449543062084da6a"]}},{"id":1223,"url":"https:\/\/pokuttia.com\/wp-content\/uploads\/2021\/08\/4.jpg","name":"4.jpg","meta":{"brizy_attachment_uid":"wp-57ff5246ff3701d13ad3a7d0d4fc6639.jpg","brizy_post_uid":["a4ec61de30bd9fee82637a254d2ef2bf","2d6097695f8e8630b25c50791919276c","8e450d6e66fcbc04449543062084da6a"]}},{"id":1335,"url":"https:\/\/pokuttia.com\/wp-content\/uploads\/2021\/08\/P9210978_m.jpg","name":"P9210978_m.jpg","meta":{"brizy_attachment_uid":"wp-f85f05857e405afb7f90c091fa51c7bc.jpg","brizy_post_uid":["a4ec61de30bd9fee82637a254d2ef2bf","8e450d6e66fcbc04449543062084da6a"]}},{"id":1336,"url":"https:\/\/pokuttia.com\/wp-content\/uploads\/2021\/08\/DJI_0885_m-1.jpg","name":"DJI_0885_m-1.jpg","meta":{"brizy_attachment_uid":"wp-f8ad4aee90f7a5f6f57083a1f2381120.jpg","brizy_post_uid":["2c5a152a0a0d07467dfd3d6004df6834","8e450d6e66fcbc04449543062084da6a"]}},{"id":4327,"url":"https:\/\/pokuttia.com\/wp-content\/uploads\/2021\/08\/DJI_0917_b.jpg","name":"DJI_0917_b.jpg","meta":{"brizy_attachment_uid":"wp-f4a85859f4c433ab6c9076a1db91eee1.jpg","brizy_post_uid":["86f1856921d5f423b8e5209baafa93e0","8e450d6e66fcbc04449543062084da6a","e6a18047bb9cb9ddba2f0486488090b5"]}},{"id":4364,"url":"https:\/\/pokuttia.com\/wp-content\/uploads\/2021\/09\/Screenshot-2021-08-01-094846-min.png","name":"Screenshot-2021-08-01-094846-min.png","meta":{"brizy_attachment_uid":"wp-a1a39788ce3e02165cd84c6e2e0b21db.png","brizy_post_uid":["a4ec61de30bd9fee82637a254d2ef2bf","e07ddfc61ec49ccccf53b8f53049870f","8e450d6e66fcbc04449543062084da6a"]}},{"id":5111,"url":"https:\/\/pokuttia.com\/wp-content\/uploads\/2021\/09\/DSC_9986-min-scaled.jpg","name":"DSC_9986-min.jpg","meta":{"brizy_attachment_uid":"wp-9147964a7b1bc95fcf9f0539e644eaa9.jpg","brizy_post_uid":["453bc707ad58049b77475b80282b9346","a4ec61de30bd9fee82637a254d2ef2bf","8e450d6e66fcbc04449543062084da6a"]}},{"id":5139,"url":"https:\/\/pokuttia.com\/wp-content\/uploads\/2021\/09\/0T5A3643_HDR-min-scaled.jpg","name":"0T5A3643_HDR-min.jpg","meta":{"brizy_attachment_uid":"wp-d7ceadddbd9287e53fd1005a36295d1e.jpg","brizy_post_uid":["2d6097695f8e8630b25c50791919276c","8e450d6e66fcbc04449543062084da6a"]}},{"id":5221,"url":"https:\/\/pokuttia.com\/wp-content\/uploads\/2021\/10\/0T5A3643_HDR-min-scaled.jpg","name":"0T5A3643_HDR-min.jpg","meta":{"brizy_attachment_uid":"wp-833f817d13ccab7b1b63a31e9a80746c.jpg","brizy_post_uid":["2d6097695f8e8630b25c50791919276c","8e450d6e66fcbc04449543062084da6a"]}},{"id":5318,"url":"https:\/\/pokuttia.com\/wp-content\/uploads\/2021\/10\/0T5A2151_HDR-min-scaled.jpg","name":"0T5A2151_HDR-min.jpg","meta":{"brizy_attachment_uid":"wp-577a17ab4ed66b01dfff295b2472f4f2.jpg","brizy_post_uid":["e07ddfc61ec49ccccf53b8f53049870f","8e450d6e66fcbc04449543062084da6a","e6a18047bb9cb9ddba2f0486488090b5"]}},{"id":5347,"url":"https:\/\/pokuttia.com\/wp-content\/uploads\/2021\/10\/243730889_183840030501883_1549079774346089278_n.jpg","name":"243730889_183840030501883_1549079774346089278_n.jpg","meta":{"brizy_attachment_uid":"wp-7c8aaca88a95924c9855edf7a0d1372a.jpg","brizy_post_uid":["88cf369a74bf2a2598ce1b115e1d394a","8e450d6e66fcbc04449543062084da6a"]}},{"id":5361,"url":"https:\/\/pokuttia.com\/wp-content\/uploads\/2021\/10\/DSC_0007-min-scaled.jpg","name":"DSC_0007-min.jpg","meta":{"brizy_attachment_uid":"wp-e5103dce3ccb4875f09e0f985618f025.jpg","brizy_post_uid":["453bc707ad58049b77475b80282b9346","8e450d6e66fcbc04449543062084da6a"]}},{"id":5376,"url":"https:\/\/pokuttia.com\/wp-content\/uploads\/2021\/10\/DJI_0056-min-scaled.jpg","name":"DJI_0056-min.jpg","meta":{"brizy_attachment_uid":"wp-b76c8843747868d8eb1ecd7cbf337685.jpg","brizy_post_uid":["def552d7d84e151bcb4bce3c39a1f740","8e450d6e66fcbc04449543062084da6a"]}},{"id":5386,"url":"https:\/\/pokuttia.com\/wp-content\/uploads\/2021\/10\/0T5A2160_HDR-min.jpg","name":"0T5A2160_HDR-min.jpg","meta":{"brizy_attachment_uid":"wp-b7fd2f15d84234bb0a266aaf300cdcff.jpg","brizy_post_uid":["2042bd3aabacd9004f8343cb7d245902","8e450d6e66fcbc04449543062084da6a"]}},{"id":5415,"url":"https:\/\/pokuttia.com\/wp-content\/uploads\/brizy\/1165\/assets\/images\/d03-Img-Bottle-And-Glass.jpg","name":"d03-Img-Bottle-And-Glass.jpg","meta":{"brizy_attachment_uid":"d03-Img-Bottle-And-Glass.jpg","brizy_post_uid":["8e450d6e66fcbc04449543062084da6a"]}},{"id":5416,"url":"https:\/\/pokuttia.com\/wp-content\/uploads\/brizy\/1165\/assets\/images\/d03-Img-Amazon-Echo.jpg","name":"d03-Img-Amazon-Echo.jpg","meta":{"brizy_attachment_uid":"d03-Img-Amazon-Echo.jpg","brizy_post_uid":["8e450d6e66fcbc04449543062084da6a"]}},{"id":5417,"url":"https:\/\/pokuttia.com\/wp-content\/uploads\/brizy\/1165\/assets\/images\/d03-Img-Ballons.jpg","name":"d03-Img-Ballons.jpg","meta":{"brizy_attachment_uid":"d03-Img-Ballons.jpg","brizy_post_uid":["8e450d6e66fcbc04449543062084da6a"]}},{"id":6096,"url":"https:\/\/pokuttia.com\/wp-content\/uploads\/2024\/06\/DJI_0928_m.jpg","name":"DJI_0928_m.jpg","meta":{"brizy_attachment_uid":"wp-bd029568fff418eaf49790960a104a23.jpg","brizy_post_uid":["63379a84d3ca6b02c3e2c39349c28216","8e450d6e66fcbc04449543062084da6a","a4ec61de30bd9fee82637a254d2ef2bf"]}},{"id":6359,"url":"https:\/\/pokuttia.com\/wp-content\/uploads\/2024\/08\/IMG_2970_IMG_2974.png","name":"IMG_2970_IMG_2974.png","meta":{"brizy_attachment_uid":"wp-ba3eea53baa7d492726fb94489cb1c1a.png","brizy_post_uid":["94d6c01caf728dc04387d2f2d86d9a29","8e450d6e66fcbc04449543062084da6a"]}},{"id":6387,"url":"https:\/\/pokuttia.com\/wp-content\/uploads\/2024\/08\/IMG_7330.png","name":"IMG_7330.png","meta":{"brizy_attachment_uid":"wp-b7953bbb9257dca732882cd140f4471e.png","brizy_post_uid":["94d6c01caf728dc04387d2f2d86d9a29","8e450d6e66fcbc04449543062084da6a"]}},{"id":6713,"url":"https:\/\/pokuttia.com\/wp-content\/uploads\/2025\/04\/d03-Img-Sneaker-Hand.jpg","name":"d03-Img-Sneaker-Hand.jpg","meta":{"brizy_attachment_uid":"d03-Img-Sneaker-Hand.jpg","brizy_post_uid":["8e450d6e66fcbc04449543062084da6a"]}},{"id":6914,"url":"https:\/\/pokuttia.com\/wp-content\/uploads\/2025\/10\/droppedImage.jpg","name":"droppedImage.jpg","meta":{"brizy_attachment_uid":"wp-183a8bcafc1238811581bc05a9a85234.jpg","brizy_post_uid":["8e450d6e66fcbc04449543062084da6a","698362bad21da3b8310e220a2f8b6767"]}}],"_links":{"self":[{"href":"https:\/\/pokuttia.com\/pl\/wp-json\/wp\/v2\/pages\/1165","targetHints":{"allow":["GET"]}}],"collection":[{"href":"https:\/\/pokuttia.com\/pl\/wp-json\/wp\/v2\/pages"}],"about":[{"href":"https:\/\/pokuttia.com\/pl\/wp-json\/wp\/v2\/types\/page"}],"author":[{"embeddable":true,"href":"https:\/\/pokuttia.com\/pl\/wp-json\/wp\/v2\/users\/1"}],"replies":[{"embeddable":true,"href":"https:\/\/pokuttia.com\/pl\/wp-json\/wp\/v2\/comments?post=1165"}],"version-history":[{"count":30,"href":"https:\/\/pokuttia.com\/pl\/wp-json\/wp\/v2\/pages\/1165\/revisions"}],"predecessor-version":[{"id":7102,"href":"https:\/\/pokuttia.com\/pl\/wp-json\/wp\/v2\/pages\/1165\/revisions\/7102"}],"wp:attachment":[{"href":"https:\/\/pokuttia.com\/pl\/wp-json\/wp\/v2\/media?parent=1165"}],"curies":[{"name":"wp","href":"https:\/\/api.w.org\/{rel}","templated":true}]}}