{"id":5188,"date":"2021-09-29T13:00:43","date_gmt":"2021-09-29T10:00:43","guid":{"rendered":"https:\/\/pokutia.com\/?page_id=5188"},"modified":"2026-03-23T18:00:05","modified_gmt":"2026-03-23T16:00:05","slug":"brizy-5188","status":"publish","type":"page","link":"https:\/\/pokuttia.com\/pl\/brizy-5188\/","title":{"rendered":"\u041c\u0456\u0441\u0442 \u0412\u0456\u0430\u0434\u0443\u043a"},"content":{"rendered":"<div class=\"brz-root__container brz-reset-all brz brz-root__container-page\">\n<section id=\"_hqmzvzhcmjyppmioeotsggmejcwhfwmsccck\" class=\"brz-section brz-css-y1a90q brz-css-id7tx1\">\n<div class=\"brz-section__content brz-section--boxed brz-css-ostbv1 brz-css-mezczz\" data-brz-custom-id=\"ddqrrbwnbwjzzuxdvdtvwobrgmhgqqdwxrfg\">\n<div class=\"brz-bg\">\n<div class=\"brz-bg-image\"><\/div>\n<div class=\"brz-bg-color\"><\/div>\n<\/div>\n<div class=\"brz-container brz-css-1k78keo\">\n<div class=\"brz-row__container brz-css-1panhbq\" data-brz-custom-id=\"husvffulsiiyvptbskwhktedawmtpowsiyrg\">\n<div class=\"brz-bg\"><\/div>\n<div class=\"brz-row brz-css-qj9imh brz-css-72fl7o\">\n<div class=\"brz-columns brz-css-t0amik brz-css-546s3w\" data-brz-custom-id=\"yqwpjpdctxtvdvabwcbcvbfzaspescytfult\">\n<div class=\"brz-bg\"><\/div>\n<div class=\"brz-column__items brz-css-1poc5kg brz-css-i9ig5s\">\n<div id=\"\" class=\"brz-css-181gisu brz-css-1qammbu brz-wrapper\">\n<div class=\"brz-rich-text brz-rich-text__custom brz-css-1d3snb1\" data-brz-custom-id=\"futtwerzrzczuyoswtyzyojryotfvbycjtbh\">\n<div data-brz-translate-text=\"1\">\n<h1 class=\"brz-lh-lg-1_3 brz-ls-lg-m_1_5 brz-fw-lg-700 brz-fss-lg-px brz-fs-lg-56 brz-ft-google brz-ff-playfair_display brz-tp-lg-empty brz-tp-xs-empty brz-lh-xs-1_3 brz-ls-xs-m_2 brz-fw-xs-700 brz-fss-xs-px brz-fs-xs-48 brz-fw-sm-700 brz-ls-sm-m_1 brz-fs-sm-69 brz-lh-sm-1_3 brz-css-asLqY\" data-uniq-id=\"jaant\" data-generated-css=\"brz-css-vltwu\"><span class=\"brz-cp-color8\">Most wiaduktowy \u201eTrzy Mosty\u201d<\/span><\/h1>\n<\/div>\n<\/div>\n<\/div>\n<div class=\"brz-wrapper-clone brz-css-ij63gz\">\n<div class=\"brz-d-xs-flex brz-flex-xs-wrap brz-css-13dbbjk brz-css-4z4xcq\" data-brz-custom-id=\"\">\n<div class=\"brz-wrapper-clone__item\" id=\"gysdhwdrcmhmqeuorrenxlbvjzhxxmynxsmk\"><a class=\"brz-a brz-anchor brz-btn brz-css-1citpwh brz-css-2mt952 brz-css-1kbt7j3 brz-css-19beg5r\" href=\"#_meobrgfyjzbdhuizwrfwxjviqllpqzzdufvw\" target=\"_self\" rel=\"noopener\" data-brz-link-type=\"anchor\" data-brz-custom-id=\"gysdhwdrcmhmqeuorrenxlbvjzhxxmynxsmk\"><span data-brz-translate-text=\"1\" class=\"brz-span brz-text__editor\"><\/span><\/a><\/div>\n<\/div>\n<\/div>\n<\/div>\n<\/div>\n<\/div>\n<\/div>\n<div id=\"\" class=\"brz-css-181gisu brz-css-1nob9fs brz-wrapper\">\n<div class=\"brz-spacer brz-css-8ji6t7 brz-css-1nzhgqy\"><\/div>\n<\/div>\n<div class=\"brz-row__container brz-css-1panhbq\" data-brz-custom-id=\"bnwkjslwtbkkofhepydmsradupvwcnxxexzm\">\n<div class=\"brz-bg\"><\/div>\n<div class=\"brz-row brz-css-qj9imh brz-css-72fl7o\">\n<div class=\"brz-columns brz-css-t0amik brz-css-ko8161\" data-brz-custom-id=\"sjhggemkcssxbkknikaoddjiscoscyehrrcd\">\n<div class=\"brz-bg\"><\/div>\n<div class=\"brz-column__items brz-css-1poc5kg\">\n<div id=\"\" class=\"brz-css-181gisu brz-css-1nob9fs brz-css-mpajcu brz-wrapper\">\n<div class=\"brz-spacer brz-css-8ji6t7 brz-css-1062phc\"><\/div>\n<\/div>\n<\/div>\n<\/div>\n<div class=\"brz-columns brz-css-t0amik brz-css-jq5vj\" data-brz-custom-id=\"bswuolqxcrhvwnjowraijxnpjrbmxffchfgv\">\n<div class=\"brz-bg\"><\/div>\n<div class=\"brz-column__items brz-css-1poc5kg brz-css-h8bwxx\">\n<div id=\"\" class=\"brz-css-181gisu brz-wrapper\">\n<div class=\"brz-icon-text brz-css-eie4k3\" data-brz-custom-id=\"mzjqxzpehopqbkeljibhkboolqynbmuamxha\">\n<div class=\"brz-icon__container\" data-brz-custom-id=\"tggupkcbjyxvioonidqjbskveicytezyicea\"><span class=\"brz-icon brz-span brz-css-y27rl0 brz-css-l6t53u\"><\/span><\/div>\n<div class=\"brz-text-btn\">\n<div class=\"brz-rich-text brz-rich-text__custom brz-css-1d3snb1\" data-brz-custom-id=\"filojujayusadgvlsbwtrvjtqiaotjaxefde\">\n<div data-brz-translate-text=\"1\">\n<h6 class=\"brz-tp-lg-heading6 brz-mb-lg-10 brz-css-aN08Q\" data-generated-css=\"brz-css-ambuh\" data-uniq-id=\"emtyx\"><span class=\"brz-cp-color8\">Lata budowy<\/span><\/h6>\n<p class=\"brz-tp-lg-paragraph brz-css-nK9Fe\" data-generated-css=\"brz-css-jvlau\" data-uniq-id=\"xmswf\"><span class=\"brz-cp-color8\">Nieznany, oko\u0142o 17-19 wiek\u00f3w<\/span><\/p>\n<\/div>\n<\/div>\n<\/div>\n<\/div>\n<\/div>\n<\/div>\n<\/div>\n<div class=\"brz-columns brz-css-t0amik brz-css-1fp0lq1\" data-brz-custom-id=\"btiigqgvsquaznodppscgnldcixwmtbuesxb\">\n<div class=\"brz-column__items brz-css-1poc5kg brz-css-1esggev\">\n<div id=\"\" class=\"brz-css-181gisu brz-wrapper\">\n<div class=\"brz-icon-text brz-css-eie4k3\" data-brz-custom-id=\"iysdbmuwedvvyljnijouqepwebpfnkyywavs\">\n<div class=\"brz-icon__container\" data-brz-custom-id=\"ywwrykpxpbcyrtnywzpxkcetjdpjnqagykec\"><span class=\"brz-icon brz-span brz-css-y27rl0 brz-css-1r050y0\"><\/span><\/div>\n<div class=\"brz-text-btn\">\n<div class=\"brz-rich-text brz-rich-text__custom brz-css-1d3snb1\" data-brz-custom-id=\"ocvphersjswbvhfxskgckrecyffkqqxyfrrv\">\n<div data-brz-translate-text=\"1\">\n<h6 class=\"brz-mb-lg-10 brz-tp-lg-heading6 brz-css-jEz6I\" data-uniq-id=\"ifsuh\" data-generated-css=\"brz-css-sgtma\"><span class=\"brz-cp-color8\">Styl architektoniczny<\/span><\/h6>\n<p class=\"brz-tp-lg-paragraph brz-css-diIxj\" data-uniq-id=\"etcmc\" data-generated-css=\"brz-css-elacl\"><span class=\"brz-cp-color6\">Nieznany<\/span><\/p>\n<\/div>\n<\/div>\n<\/div>\n<\/div>\n<\/div>\n<\/div>\n<\/div>\n<div class=\"brz-columns brz-css-t0amik brz-css-zxoznk\" data-brz-custom-id=\"wfhdnuwgnnopunfgulyvcbneqiqvkdedcvtz\">\n<div class=\"brz-column__items brz-css-1poc5kg brz-css-15obf9d\">\n<div id=\"\" class=\"brz-css-181gisu brz-wrapper\">\n<div class=\"brz-icon-text brz-css-eie4k3\" data-brz-custom-id=\"ymbvtxzzncreprllpccxosmcnoucjhejhadf\">\n<div class=\"brz-icon__container\" data-brz-custom-id=\"tgckuqaalkwystwtcawzhugepzjgnwxxvtsv\"><span class=\"brz-icon brz-span brz-css-y27rl0 brz-css-1u1i3z8\"><\/span><\/div>\n<div class=\"brz-text-btn\">\n<div class=\"brz-rich-text brz-rich-text__custom brz-css-1d3snb1\" data-brz-custom-id=\"tydycwxywuimjewzkgxkuhuokxcvbddgajek\">\n<div data-brz-translate-text=\"1\">\n<p class=\"brz-mb-lg-10 brz-tp-lg-heading6 brz-css-fAFVI\" data-generated-css=\"brz-css-wazdt\" data-uniq-id=\"towrj\"><span class=\"brz-cp-color8\">Lokalizacja<\/span><\/p>\n<p class=\"brz-lh-lg-1_5 brz-ls-lg-0 brz-fw-lg-400 brz-fss-lg-px brz-fs-lg-16 brz-ft-google brz-ff-lato brz-mb-lg-10 brz-css-yxpTx\" data-generated-css=\"brz-css-chnjg\" data-uniq-id=\"cbzvz\"><span class=\"brz-cp-color8\">Trasa R-24 pomi\u0119dzy miastem Horodenka a wsi\u0105 Kotik\u00f3wka<\/span><\/p>\n<\/div>\n<\/div>\n<\/div>\n<\/div>\n<\/div>\n<\/div>\n<\/div>\n<\/div>\n<\/div>\n<\/div>\n<\/div>\n<\/section>\n<section id=\"_clrsnfjoxtizueglvddigmtvuruhyhfcbgxo\" class=\"brz-section brz-css-y1a90q\">\n<div class=\"brz-section__content brz-section--boxed brz-css-ostbv1 brz-css-1nodbo0\" data-brz-custom-id=\"koyerpybjyincrsgvvrmdjrunrevvnknsbcp\">\n<div class=\"brz-container brz-css-1k78keo\">\n<div class=\"brz-row__container brz-css-1panhbq\" data-brz-custom-id=\"utopwvignvzfcakhrmqbtlkvjhjiaciguhri\">\n<div class=\"brz-bg\"><\/div>\n<div class=\"brz-row brz-css-qj9imh brz-css-72fl7o\">\n<div class=\"brz-columns brz-css-t0amik\" data-brz-custom-id=\"dbrhvshbzqvilrvytelgiiwafumlietddagm\">\n<div class=\"brz-bg\"><\/div>\n<div class=\"brz-column__items brz-css-1poc5kg\">\n<div id=\"\" class=\"brz-css-181gisu brz-css-1bquo9q brz-wrapper\">\n<div class=\"brz-rich-text brz-rich-text__custom brz-css-1d3snb1\" data-brz-custom-id=\"efnoqiknzvazzjtvzkcvwvquzwaktxnajgzt\">\n<div data-brz-translate-text=\"1\">\n<p class=\"brz-tp-lg-paragraph brz-css-h8WLU\" data-uniq-id=\"gzyjg\" data-generated-css=\"brz-css-zursb\">Wyj\u0105tkowy zabytek Horodenki, tr\u00f3j\u0142ukowy most na potoku Jamhor\u00f3w, popularnie nazywany by\u0142 \u201etrzema mostami\u201d. Dok\u0142adna data budowy tego mostu nie jest znana i okre\u015blana jest na XVII-XIX wiek. Dzi\u015b jest to najstarszy most w Galicji i drugi najstarszy na Ukrainie (najstarszy w Kamie\u0144cu Podolskim).<\/p>\n<p class=\"brz-tp-lg-paragraph brz-css-yTeui\" data-uniq-id=\"gzyjg\" data-generated-css=\"brz-css-zursb\">\n<p class=\"brz-tp-lg-paragraph brz-css-ntqx1\" data-uniq-id=\"ojxnh\" data-generated-css=\"brz-css-orlqy\">Pod koniec XIX wieku most zosta\u0142 odbudowany przez barona Jakowa Romaszkana. W przeciwie\u0144stwie do Potockiego, kt\u00f3remu zale\u017ca\u0142o przede wszystkim na dobru publicznym, baron robi\u0142 to g\u0142\u00f3wnie z powod\u00f3w czysto egoistycznych. Romaszkan mia\u0142 rezydencj\u0119 w pobliskiej wsi Serafince i podczas ka\u017cdej wyprawy do Horodenki musia\u0142 w\u00f3wczas przechodzi\u0107 przez most awaryjny. Baron naprawi\u0142 wi\u0119c ten obiekt, aby zabezpieczy\u0107 swoje podr\u00f3\u017ce.<\/p>\n<p class=\"brz-tp-lg-paragraph brz-css-yDQCm\" data-uniq-id=\"ojxnh\" data-generated-css=\"brz-css-orlqy\">\n<p class=\"brz-tp-lg-paragraph brz-css-nAzOy\" data-uniq-id=\"zdkxp\" data-generated-css=\"brz-css-zngcz\">Znalezienie mostu bez mieszka\u0144c\u00f3w jest problematyczne. Powy\u017cej zwyczajny fragment drogi. Latem nawet nie wida\u0107: czy to most, czy tylko wysoki nasyp? Aby zobaczy\u0107 stary pomnik nale\u017cy zej\u015b\u0107 na d\u00f3\u0142.&nbsp;<\/p>\n<\/div>\n<\/div>\n<\/div>\n<\/div>\n<\/div>\n<div class=\"brz-columns brz-css-t0amik\" data-brz-custom-id=\"mtnahprjifbsumnenkrysmqqgvrvftiazewz\">\n<div class=\"brz-bg\"><\/div>\n<div class=\"brz-column__items brz-css-1poc5kg\">\n<div id=\"\" class=\"brz-css-181gisu brz-wrapper\">\n<div class=\"brz-image brz-image__lightbox brz-css-1y2wzvm\" data-brz-custom-id=\"ckeuxxwjbatlfttkphycjesdlcntioqokmka\"><a class=\"brz-a\" href=\"https:\/\/pokuttia.com\/wp-content\/uploads\/2021\/09\/7-59.jpg\" target=\"_self\" data-rel=\"lightbox-gallery-0\" data-rl_title=\"\" data-rl_caption=\"\" data-brz-link-type=\"lightBox\" title=\"\"><img decoding=\"async\" class=\"brz-img\" src=\"https:\/\/pokuttia.com\/wp-content\/uploads\/brizy\/imgs\/7-59-555x304x0x0x555x304x1691879056.jpg\" alt=\"\" loading=\"lazy\"><\/a><\/div>\n<\/div>\n<\/div>\n<\/div>\n<\/div>\n<\/div>\n<\/div>\n<\/div>\n<\/section>\n<section id=\"_zmntopbkpcjqwtpzwbkcyogfghmhdspqbjsb\" class=\"brz-section brz-css-y1a90q\">\n<div class=\"brz-section__content brz-section--boxed brz-css-ostbv1 brz-css-n5g5fj\" data-brz-custom-id=\"kvyrrbcetuasudtypfobvnyxbnzqtnzmxlau\">\n<div class=\"brz-container brz-css-1k78keo\">\n<div class=\"brz-row__container brz-css-1panhbq\" data-brz-custom-id=\"rgkkpzgxlsxiifunjpgkqirkadrfdtcdrhvb\">\n<div class=\"brz-bg\"><\/div>\n<div class=\"brz-row brz-css-qj9imh brz-css-72fl7o\">\n<div class=\"brz-columns brz-css-t0amik\" data-brz-custom-id=\"ipukngngelkvzcmykldanmxdpexxzgjjulcm\">\n<div class=\"brz-bg\"><\/div>\n<div class=\"brz-column__items brz-css-1poc5kg\">\n<div id=\"\" class=\"brz-css-181gisu brz-wrapper\">\n<div class=\"brz-soundcloud brz-css-979ahm\" data-brz-custom-id=\"ycnvbppgaybvblideszerbyytrbhtgdcuoti\">\n<div class=\"brz-soundCloud-content\" data-brz-url=\"https:\/\/w.soundcloud.com\/player\/?url=https:\/\/soundcloud.com\/vasyl-kutsyk\/triarkovij-mist-ua?in=vasyl-kutsyk\/sets\/kulturno-turistichniy-marshrut-pinselreturn-httpspokutiacom&amp;si=879ed5e4c5a94140a6d251fab1521740&amp;auto_play=false&amp;how_teaser=true&amp;visual=false&amp;color=ff7700&amp;buying=true&amp;sharing=true&amp;download=true&amp;show_artwork=true&amp;show_playcount=true&amp;show_user=true&amp;show_comments=true&amp;liking=true&amp;\"><\/div>\n<\/div>\n<\/div>\n<\/div>\n<\/div>\n<div class=\"brz-columns brz-css-t0amik\" data-brz-custom-id=\"nhzezsyyawtotkmrdknkeopxjhcssucjaukp\">\n<div class=\"brz-bg\"><\/div>\n<div class=\"brz-column__items brz-css-1poc5kg\">\n<div id=\"\" class=\"brz-css-181gisu brz-wrapper\">\n<div class=\"brz-soundcloud brz-css-979ahm\" data-brz-custom-id=\"ojacnlohxxyoatnmfmzcupcfkbhpxmtaiihk\">\n<div class=\"brz-soundCloud-content\" data-brz-url=\"https:\/\/w.soundcloud.com\/player\/?url=https:\/\/soundcloud.com\/vasyl-kutsyk\/triarkovij-mist-eng?in=vasyl-kutsyk\/sets\/kulturno-turistichniy-marshrut-pinselreturn-httpspokutiacom&amp;si=5f3c479f48604c42bea0ca28a1694d1b&amp;auto_play=false&amp;how_teaser=true&amp;visual=false&amp;color=ff7700&amp;buying=true&amp;sharing=true&amp;download=true&amp;show_artwork=true&amp;show_playcount=true&amp;show_user=true&amp;show_comments=true&amp;liking=true&amp;\"><\/div>\n<\/div>\n<\/div>\n<\/div>\n<\/div>\n<\/div>\n<\/div>\n<\/div>\n<\/div>\n<\/section>\n<\/div>\n<p>    <!-- version:1738076066 --><\/p>","protected":false},"excerpt":{"rendered":"<p>\u041c\u0456\u0441\u0442-\u0432\u0456\u0430\u0434\u0443\u043a &#8220;\u0422\u0440\u0438 \u041c\u043e\u0441\u0442\u0438&#8221; \u0420\u043e\u043a\u0438 \u0431\u0443\u0434\u0456\u0432\u043d\u0438\u0446\u0442\u0432\u0430 \u041d\u0435\u0432\u0456\u0434\u043e\u043c\u0456, \u043e\u0440\u0456\u0454\u043d\u0442\u043e\u0432\u043d\u043e 17-19 \u0441\u0442\u043e\u043b\u0456\u0442\u0442\u044f \u0410\u0440\u0445\u0456\u0442\u0435\u043a\u0442\u0443\u0440\u043d\u0438\u0439 \u0441\u0442\u0438\u043b\u044c \u041d\u0435\u0432\u0456\u0434\u043e\u043c\u0438\u0439 \u041c\u0456\u0441\u0446\u0435\u0437\u043d\u0430\u0445\u043e\u0434\u0436\u0435\u043d\u043d\u044f \u0422\u0440\u0430\u0441\u0430 \u0420-24 \u043c\u0456\u0436 \u043c. \u0413\u043e\u0440\u043e\u0434\u0435\u043d\u043a\u0430 \u0442\u0430 \u0441. \u041a\u043e\u0442\u0438\u043a\u0456\u0432\u043a\u0430 \u0423\u043d\u0456\u043a\u0430\u043b\u044c\u043d\u0430 \u043f\u0430\u043c\u2019\u044f\u0442\u043a\u0430 \u0413\u043e\u0440\u043e\u0434\u0435\u043d\u043a\u0438, \u0442\u0440\u0438\u0430\u0440\u043a\u043e\u0432\u0438\u0439 \u043c\u0456\u0441\u0442 \u043d\u0430\u0434 \u043f\u043e\u0442\u0456\u0447\u043a\u043e\u043c \u042f\u043c\u0433\u043e\u0440\u0456\u0432, \u043e\u0442\u0440\u0438\u043c\u0430\u0432 \u043d\u0430\u0440\u043e\u0434\u043d\u0443 \u043d\u0430\u0437\u0432\u0443 \u00ab\u0422\u0440\u0438 \u041c\u043e\u0441\u0442\u0438\u00bb. \u0422\u043e\u0447\u043d\u0430 \u0434\u0430\u0442\u0430 \u0437\u0432\u0435\u0434\u0435\u043d\u043d\u044f \u0446\u044c\u043e\u0433\u043e \u043c\u043e\u0441\u0442\u0443 \u043d\u0435\u0432\u0456\u0434\u043e\u043c\u0430 \u0456 \u0432\u0438\u0437\u043d\u0430\u0447\u0430\u0454\u0442\u044c\u0441\u044f \u043f\u0440\u043e\u043c\u0456\u0436\u043a\u043e\u043c 17-19 \u0441\u0442\u043e\u043b\u0456\u0442\u0442\u044f. \u041d\u0438\u043d\u0456 \u0446\u0435 \u043d\u0430\u0439\u0434\u0430\u0432\u043d\u0456\u0448\u0438\u0439 \u043c\u0456\u0441\u0442 \u0413\u0430\u043b\u0438\u0447\u0438\u043d\u0438 \u0442\u0430 \u0434\u0440\u0443\u0433\u0438\u0439 \u0437\u0430 \u0432\u0456\u043a\u043e\u043c \u0432 [&hellip;]<\/p>\n","protected":false},"author":1,"featured_media":0,"parent":0,"menu_order":0,"comment_status":"closed","ping_status":"closed","template":"","meta":{"_seopress_robots_primary_cat":"","_seopress_titles_title":"","_seopress_titles_desc":"","_seopress_robots_index":"","footnotes":""},"class_list":["post-5188","page","type-page","status-publish","hentry"],"blocksy_meta":{"styles_descriptor":{"styles":{"desktop":"","tablet":"","mobile":""},"google_fonts":[],"version":6}},"brizy_media":[{"id":5192,"url":"https:\/\/pokuttia.com\/wp-content\/uploads\/2021\/09\/52_full_auto_x2_auto_x2.jpg","name":"52_full_auto_x2_auto_x2.jpg","meta":{"brizy_attachment_uid":"wp-6d7b7fc5d7a67c529a8ca9d5030d7d50.jpg","brizy_post_uid":["88cf369a74bf2a2598ce1b115e1d394a"]}},{"id":5193,"url":"https:\/\/pokuttia.com\/wp-content\/uploads\/2021\/09\/52_full.jpg","name":"52_full.jpg","meta":{"brizy_attachment_uid":"wp-82e722a7948dfeef6a45caddd2b051b2.jpg","brizy_post_uid":["88cf369a74bf2a2598ce1b115e1d394a"]}},{"id":5195,"url":"https:\/\/pokuttia.com\/wp-content\/uploads\/2021\/09\/7-59.jpg","name":"7-59.jpg","meta":{"brizy_attachment_uid":"wp-c7f31d30ea2d79176b407db90e063228.jpg","brizy_post_uid":["88cf369a74bf2a2598ce1b115e1d394a"]}},{"id":5347,"url":"https:\/\/pokuttia.com\/wp-content\/uploads\/2021\/10\/243730889_183840030501883_1549079774346089278_n.jpg","name":"243730889_183840030501883_1549079774346089278_n.jpg","meta":{"brizy_attachment_uid":"wp-7c8aaca88a95924c9855edf7a0d1372a.jpg","brizy_post_uid":["88cf369a74bf2a2598ce1b115e1d394a","8e450d6e66fcbc04449543062084da6a"]}}],"_links":{"self":[{"href":"https:\/\/pokuttia.com\/pl\/wp-json\/wp\/v2\/pages\/5188","targetHints":{"allow":["GET"]}}],"collection":[{"href":"https:\/\/pokuttia.com\/pl\/wp-json\/wp\/v2\/pages"}],"about":[{"href":"https:\/\/pokuttia.com\/pl\/wp-json\/wp\/v2\/types\/page"}],"author":[{"embeddable":true,"href":"https:\/\/pokuttia.com\/pl\/wp-json\/wp\/v2\/users\/1"}],"replies":[{"embeddable":true,"href":"https:\/\/pokuttia.com\/pl\/wp-json\/wp\/v2\/comments?post=5188"}],"version-history":[{"count":16,"href":"https:\/\/pokuttia.com\/pl\/wp-json\/wp\/v2\/pages\/5188\/revisions"}],"predecessor-version":[{"id":5612,"href":"https:\/\/pokuttia.com\/pl\/wp-json\/wp\/v2\/pages\/5188\/revisions\/5612"}],"wp:attachment":[{"href":"https:\/\/pokuttia.com\/pl\/wp-json\/wp\/v2\/media?parent=5188"}],"curies":[{"name":"wp","href":"https:\/\/api.w.org\/{rel}","templated":true}]}}